{"id":1611,"date":"2015-03-02T16:05:42","date_gmt":"2015-03-02T16:05:42","guid":{"rendered":"http:\/\/detectives-granada.com\/en\/ratificacion-judicial\/"},"modified":"2016-09-07T18:12:52","modified_gmt":"2016-09-07T18:12:52","slug":"judicial-ratification","status":"publish","type":"page","link":"https:\/\/detectives-granada.com\/en\/judicial-ratification\/","title":{"rendered":"Judicial ratification"},"content":{"rendered":"<p>En muchos procesos judiciales el informe presentado por el detective privado es un elemento de capital importancia, siendo la prueba m\u00e1s contundente y concluyente con que cuentan los letrados. Para que conste de \u00e9ste modo, es necesario que el detective privado realice la ratificaci\u00f3n del informe en la vista oral.<\/p>\n<p>En nuestro despacho, prestamos el servicio de Ratificaci\u00f3n Judicial por nuestros detectives debidamente habilitados, en el caso de que Ud. quiera llevar el proceso ante los Tribunales de Justicia.<\/p>\n<h2>La figura del Detective<\/h2>\n<p>Es aconsejable antes de referirnos a la Ratificaci\u00f3n Judicial, indicar con brevedad la importancia y valoraci\u00f3n que la figura del Detective posee ante los Tribunales de Justicia.<\/p>\n<p>El Tribunal Supremo, define la figura del Detective como: Testigo Privilegiado o con documentos. Tambi\u00e9n es definido como: Profesional cualificado para la obtenci\u00f3n de datos y pruebas de inter\u00e9s que aportar\u00e1 y ratificar\u00e1 en los Tribunales.<\/p>\n<p>El Tribunal Supremo, establece que el material fotogr\u00e1fico y video gr\u00e1fico obtenido en el entorno legal que la ley en vigor exige, posee valor probatorio, siempre que sea ratificado en la sesi\u00f3n del juicio oral por el Detective.<\/p>\n<p>Es de vital importancia puntualizar, que <strong>\u00fanicamente cumplir\u00e1 con la denominaci\u00f3n mencionada y con las caracter\u00edsticas descritas, el personal habilitado debidamente por el Ministerio del Interior<\/strong>. Incurriendo en altas sanciones, la contrataci\u00f3n de personal que opere fuera de las exigencias legales, adem\u00e1s de carecer de validez, cualquier aportaci\u00f3n que equ\u00edvocamente sea catalogada como prueba.<\/p>\n<p><a href=\"http:\/\/detectives-granada.com\/contacto\/\">Contacte ahora con nuestro quipo de profesionales<\/a> para recibir el asesoramiento necesario.<\/p>\n","protected":false},"excerpt":{"rendered":"<p>En muchos procesos judiciales el informe presentado por el detective privado es un elemento de capital importancia, siendo la prueba m\u00e1s contundente y concluyente con que cuentan los letrados. Para que conste de \u00e9ste modo, es necesario que el detective privado realice la ratificaci\u00f3n del informe en la vista oral. En nuestro despacho, prestamos el [&hellip;]<\/p>\n","protected":false},"author":4,"featured_media":0,"parent":0,"menu_order":0,"comment_status":"open","ping_status":"open","template":"page-sidebar-right.php","meta":{"footnotes":""},"class_list":["post-1611","page","type-page","status-publish","hentry"],"_links":{"self":[{"href":"https:\/\/detectives-granada.com\/en\/wp-json\/wp\/v2\/pages\/1611","targetHints":{"allow":["GET"]}}],"collection":[{"href":"https:\/\/detectives-granada.com\/en\/wp-json\/wp\/v2\/pages"}],"about":[{"href":"https:\/\/detectives-granada.com\/en\/wp-json\/wp\/v2\/types\/page"}],"author":[{"embeddable":true,"href":"https:\/\/detectives-granada.com\/en\/wp-json\/wp\/v2\/users\/4"}],"replies":[{"embeddable":true,"href":"https:\/\/detectives-granada.com\/en\/wp-json\/wp\/v2\/comments?post=1611"}],"version-history":[{"count":0,"href":"https:\/\/detectives-granada.com\/en\/wp-json\/wp\/v2\/pages\/1611\/revisions"}],"wp:attachment":[{"href":"https:\/\/detectives-granada.com\/en\/wp-json\/wp\/v2\/media?parent=1611"}],"curies":[{"name":"wp","href":"https:\/\/api.w.org\/{rel}","templated":true}]}}