{"id":1608,"date":"2015-03-02T16:05:15","date_gmt":"2015-03-02T16:05:15","guid":{"rendered":"http:\/\/detectives-granada.com\/en\/quienes-somos\/"},"modified":"2016-09-07T18:01:27","modified_gmt":"2016-09-07T18:01:27","slug":"about-us","status":"publish","type":"page","link":"https:\/\/detectives-granada.com\/en\/about-us\/","title":{"rendered":"About us"},"content":{"rendered":"<h2><strong>Global Investigaci\u00f3n Detectives<\/strong><\/h2>\n<h3><u>Habilitaci\u00f3n<\/u><\/h3>\n<p>Despacho profesional de la investigaci\u00f3n privada<strong> habilitado y autorizado por el ministerio del interior, para la actividad de la profesi\u00f3n de Detective en cualquiera de sus \u00e1reas<\/strong>, en cualquier punto del territorio nacional.<\/p>\n<h3><u>Metodolog\u00eda<\/u><\/h3>\n<p>Solucionamos las necesidades de nuestros clientes, proporcionando las pruebas necesarias a trav\u00e9s de minuciosas planificaciones estrat\u00e9gicas altamente rentables, optimizadas en tiempo y coste. \u00a0 Nuestros clientes se encuentran integrados principalmente dentro de los siguientes grupos: particulares, profesionales del derecho, empresas, mutuas y aseguradoras.<\/p>\n<h3><u>Informes y Ratificaci\u00f3n Judicial<\/u><\/h3>\n<p>Nuestros informes se encuentran avalados por la absoluta garant\u00eda de poder ser presentados ante cualquier Tribunal y ser ratificados por nuestros detectives debidamente habilitados, al contar con todas las caracter\u00edsticas y exigencias \u00a0legales requeridas para tal fin, . (Ver ratificaci\u00f3n Judicial).<\/p>\n<h3><u>Pr\u00e1xis<\/u><\/h3>\n<p>El rigor, la experiencia, y la profesionalidad met\u00f3dica\u00a0 de nuestros trabajos, as\u00ed como la perfecta elaboraci\u00f3n de nuestros informes y ratificaciones, hacen posible que prestigiosos profesionales de distintas \u00e1reas, soliciten nuestros servicios de forma continuada. Constituyendo la satisfacci\u00f3n de nuestros clientes, nuestro objetivo, \u00e9xito y garant\u00eda.<\/p>\n<h3><u>Secreto profesional<\/u><\/h3>\n<p>Nuestra \u00e9tica personal y el c\u00f3digo profesional, garantizan la confidencialidad y el respeto con que tratamos a todos nuestros clientes desde su primera consulta.<\/p>\n","protected":false},"excerpt":{"rendered":"<p>Global Investigaci\u00f3n Detectives Habilitaci\u00f3n Despacho profesional de la investigaci\u00f3n privada habilitado y autorizado por el ministerio del interior, para la actividad de la profesi\u00f3n de Detective en cualquiera de sus \u00e1reas, en cualquier punto del territorio nacional. Metodolog\u00eda Solucionamos las necesidades de nuestros clientes, proporcionando las pruebas necesarias a trav\u00e9s de minuciosas planificaciones estrat\u00e9gicas altamente [&hellip;]<\/p>\n","protected":false},"author":4,"featured_media":0,"parent":0,"menu_order":0,"comment_status":"open","ping_status":"open","template":"page-sidebar-right.php","meta":{"footnotes":""},"class_list":["post-1608","page","type-page","status-publish","hentry"],"_links":{"self":[{"href":"https:\/\/detectives-granada.com\/en\/wp-json\/wp\/v2\/pages\/1608","targetHints":{"allow":["GET"]}}],"collection":[{"href":"https:\/\/detectives-granada.com\/en\/wp-json\/wp\/v2\/pages"}],"about":[{"href":"https:\/\/detectives-granada.com\/en\/wp-json\/wp\/v2\/types\/page"}],"author":[{"embeddable":true,"href":"https:\/\/detectives-granada.com\/en\/wp-json\/wp\/v2\/users\/4"}],"replies":[{"embeddable":true,"href":"https:\/\/detectives-granada.com\/en\/wp-json\/wp\/v2\/comments?post=1608"}],"version-history":[{"count":0,"href":"https:\/\/detectives-granada.com\/en\/wp-json\/wp\/v2\/pages\/1608\/revisions"}],"wp:attachment":[{"href":"https:\/\/detectives-granada.com\/en\/wp-json\/wp\/v2\/media?parent=1608"}],"curies":[{"name":"wp","href":"https:\/\/api.w.org\/{rel}","templated":true}]}}